{"id":1742,"date":"2025-09-03T22:24:35","date_gmt":"2025-09-03T22:24:35","guid":{"rendered":"https:\/\/exploraarbelaez.com\/planifica-tu-viaje\/"},"modified":"2025-10-19T19:47:05","modified_gmt":"2025-10-19T19:47:05","slug":"planifica-tu-viaje","status":"publish","type":"page","link":"https:\/\/exploraarbelaez.com\/en\/planifica-tu-viaje\/","title":{"rendered":"Planifica tu viaje"},"content":{"rendered":"<div id=\"about-me\" class=\"wp-block-uagb-container uagb-block-d4da027b alignfull uagb-is-root-container\"><div class=\"uagb-container-inner-blocks-wrap\">\n<div class=\"wp-block-uagb-container uagb-block-947ef4e1\">\n<div class=\"wp-block-uagb-advanced-heading uagb-block-12aec245\"><h6 class=\"uagb-heading-text\">Planifica tu viaje<\/h6><\/div>\n\n\n\n<div class=\"wp-block-uagb-container uagb-block-03d5fa93\">\n<div class=\"wp-block-uagb-advanced-heading uagb-block-40fab78f\"><h5 class=\"uagb-heading-text\">Arbel\u00e1ez, Cundinamarca<\/h5><\/div>\n<\/div>\n<\/div>\n<\/div><\/div>\n\n\n\n<div class=\"wp-block-uagb-advanced-heading uagb-block-acb68592\"><h6 class=\"uagb-heading-text\">Explora, rel\u00e1jate y divi\u00e9rtete en un solo lugar.<\/h6><\/div>\n\n\n\n<div id=\"contact-me\" class=\"wp-block-uagb-container uagb-block-7db988ea alignfull uagb-is-root-container\"><div class=\"uagb-container-inner-blocks-wrap\">\n<div data-aos= \"fade-up\" data-aos-duration=\"400\" data-aos-delay=\"0\" data-aos-easing=\"ease\" data-aos-once=\"true\" class=\"wp-block-uagb-info-box uagb-block-32bb3174 uagb-infobox__content-wrap  uagb-infobox-icon-above-title uagb-infobox-image-valign-top wp-block-uagb-info-box--has-margin\"><div class=\"uagb-infobox-margin-wrapper\"><div class=\"uagb-ifb-content\"><div class=\"uagb-ifb-title-wrap\"><h3 class=\"uagb-ifb-title\">Planifica tu viaje a Arbel\u00e1ez, Cundinamarca<\/h3><\/div><p class=\"uagb-ifb-desc\">\u00bfListo para tu pr\u00f3xima aventura? En \u00abPlanifica tu viaje\u00bb te damos una mano para que disfrutes Arbel\u00e1ez sin preocuparte por nada. Aqu\u00ed encontrar\u00e1s c\u00f3mo llegar, d\u00f3nde quedarte, qu\u00e9 llevar y las mejores experiencias para vivir en medio de la naturaleza: desde planes de relajaci\u00f3n en spa hasta caminatas, deportes extremos o avistamiento de aves. La idea es que tengas todo claro antes de venir y solo te dediques a disfrutar.<\/p><\/div><\/div><\/div>\n<\/div><\/div>\n\n\n\n<div class=\"wp-block-uagb-container uagb-block-39d1d21d alignfull uagb-is-root-container\"><div class=\"uagb-container-inner-blocks-wrap\">\n<div class=\"wp-block-uagb-container uagb-block-bd2b25f5\">\n<div class=\"wp-block-uagb-image uagb-block-c2eaea1e wp-block-uagb-image--layout-default wp-block-uagb-image--effect-static wp-block-uagb-image--align-none\"><figure class=\"wp-block-uagb-image__figure\"><img decoding=\"async\" srcset=\"https:\/\/exploraarbelaez.com\/wp-content\/uploads\/2025\/10\/20230726_180852-1024x683.jpg ,https:\/\/exploraarbelaez.com\/wp-content\/uploads\/2025\/10\/20230726_180852.jpg 780w, https:\/\/exploraarbelaez.com\/wp-content\/uploads\/2025\/10\/20230726_180852.jpg 360w\" sizes=\"auto, (max-width: 480px) 150px\" src=\"https:\/\/exploraarbelaez.com\/wp-content\/uploads\/2025\/10\/20230726_180852-1024x683.jpg\" alt=\"\" class=\"uag-image-2793\" width=\"1024\" height=\"683\" title=\"\" loading=\"lazy\" role=\"presentation\"\/><\/figure><\/div>\n<\/div>\n\n\n\n<div class=\"wp-block-uagb-container uagb-block-3822e08a\">\n<div class=\"wp-block-uagb-info-box uagb-block-135b537e uagb-infobox__content-wrap  uagb-infobox-icon-above-title uagb-infobox-image-valign-top\"><div class=\"uagb-ifb-content\"><div class=\"uagb-ifb-title-wrap\"><h3 class=\"uagb-ifb-title\">C\u00f3mo llegar<\/h3><\/div><p class=\"uagb-ifb-desc\">Descubre las rutas m\u00e1s f\u00e1ciles para llegar a Arbel\u00e1ez. Te contamos c\u00f3mo llegar en carro particular, transporte p\u00fablico o con opciones de traslado local, para que tu viaje empiece sin complicaciones.<\/p><div class=\"uagb-ifb-button-wrapper wp-block-button\"><a href=\"https:\/\/exploraarbelaez.com\/en\/como-llegar\/\" target=\"_self\" onclick=\"return true;\" class=\"uagb-infobox-cta-link\" rel=\"noopener noreferrer\"><span class=\"uagb-inline-editing\">Leer M\u00e1s<\/span><svg xmlns=\"https:\/\/www.w3.org\/2000\/svg\" viewbox=\"0 0 320 512\"><path d=\"M318.4 304.5c-3.531 9.344-12.47 15.52-22.45 15.52h-105l45.15 94.82c9.496 19.94 1.031 43.8-18.91 53.31c-19.95 9.504-43.82 1.035-53.32-18.91L117.3 351.3l-75 88.25c-4.641 5.469-11.37 8.453-18.28 8.453c-2.781 0-5.578-.4844-8.281-1.469C6.281 443.1 0 434.1 0 423.1V56.02c0-9.438 5.531-18.03 14.12-21.91C22.75 30.26 32.83 31.77 39.87 37.99l271.1 240C319.4 284.6 321.1 295.1 318.4 304.5z\"><\/path><\/svg><\/a><\/div><\/div><\/div>\n<\/div>\n<\/div><\/div>\n\n\n\n<div class=\"wp-block-uagb-container uag-hide-desktop uagb-block-d2149fcd alignfull uagb-is-root-container\"><div class=\"uagb-container-inner-blocks-wrap\">\n<div class=\"wp-block-uagb-container uagb-block-3d3ed730\">\n<div class=\"wp-block-uagb-image uagb-block-25e5b19e wp-block-uagb-image--layout-default wp-block-uagb-image--effect-static wp-block-uagb-image--align-none\"><figure class=\"wp-block-uagb-image__figure\"><img decoding=\"async\" srcset=\"https:\/\/exploraarbelaez.com\/wp-content\/uploads\/2025\/09\/Imagen-Cafeto-24-1024x682.jpg ,https:\/\/exploraarbelaez.com\/wp-content\/uploads\/2025\/09\/Imagen-Cafeto-24.jpg 780w, https:\/\/exploraarbelaez.com\/wp-content\/uploads\/2025\/09\/Imagen-Cafeto-24.jpg 360w\" sizes=\"auto, (max-width: 480px) 150px\" src=\"https:\/\/exploraarbelaez.com\/wp-content\/uploads\/2025\/09\/Imagen-Cafeto-24-1024x682.jpg\" alt=\"\" class=\"uag-image-1620\" width=\"1024\" height=\"682\" title=\"Imagen Cafeto 24\" loading=\"lazy\" role=\"img\"\/><\/figure><\/div>\n<\/div>\n\n\n\n<div class=\"wp-block-uagb-container uagb-block-bd08eb8e\">\n<div class=\"wp-block-uagb-info-box uagb-block-5fceafc7 uagb-infobox__content-wrap  uagb-infobox-icon-above-title uagb-infobox-image-valign-top\"><div class=\"uagb-ifb-content\"><div class=\"uagb-ifb-title-wrap\"><h3 class=\"uagb-ifb-title\">D\u00f3nde Alojarse<\/h3><\/div><p class=\"uagb-ifb-desc\">Encuentra hospedajes acogedores en medio de la naturaleza: caba\u00f1as r\u00fasticas, alojamientos familiares y espacios pensados para tu descanso despu\u00e9s de un d\u00eda lleno de experiencias.<\/p><div class=\"uagb-ifb-button-wrapper wp-block-button\"><a href=\"https:\/\/exploraarbelaez.com\/en\/alojamiento-en-arbelaez\/\" target=\"_self\" onclick=\"return true;\" class=\"uagb-infobox-cta-link\" rel=\"noopener noreferrer\"><span class=\"uagb-inline-editing\">Leer M\u00e1s<\/span><svg xmlns=\"https:\/\/www.w3.org\/2000\/svg\" viewbox=\"0 0 512 512\"><path d=\"M504.3 273.6l-112.1 104c-6.992 6.484-17.18 8.218-25.94 4.406c-8.758-3.812-14.42-12.45-14.42-21.1L351.9 288H32C14.33 288 .0002 273.7 .0002 255.1S14.33 224 32 224h319.9l0-72c0-9.547 5.66-18.19 14.42-22c8.754-3.809 18.95-2.075 25.94 4.41l112.1 104C514.6 247.9 514.6 264.1 504.3 273.6z\"><\/path><\/svg><\/a><\/div><\/div><\/div>\n<\/div>\n<\/div><\/div>\n\n\n\n<div class=\"wp-block-uagb-container uag-hide-tab uag-hide-mob uagb-block-1e04003b alignfull uagb-is-root-container\"><div class=\"uagb-container-inner-blocks-wrap\">\n<div class=\"wp-block-uagb-container uagb-block-a63c168d\">\n<div class=\"wp-block-uagb-info-box uagb-block-7c342541 uagb-infobox__content-wrap  uagb-infobox-icon-above-title uagb-infobox-image-valign-top\"><div class=\"uagb-ifb-content\"><div class=\"uagb-ifb-title-wrap\"><h3 class=\"uagb-ifb-title\">D\u00f3nde Alojarse<\/h3><\/div><p class=\"uagb-ifb-desc\">Encuentra hospedajes acogedores en medio de la naturaleza: caba\u00f1as r\u00fasticas, alojamientos familiares y espacios pensados para tu descanso despu\u00e9s de un d\u00eda lleno de experiencias.<\/p><div class=\"uagb-ifb-button-wrapper wp-block-button\"><a href=\"https:\/\/exploraarbelaez.com\/en\/alojamiento-en-arbelaez\/\" target=\"_self\" onclick=\"return true;\" class=\"uagb-infobox-cta-link\" rel=\"noopener noreferrer\"><span class=\"uagb-inline-editing\">Leer M\u00e1s<\/span><svg xmlns=\"https:\/\/www.w3.org\/2000\/svg\" viewbox=\"0 0 512 512\"><path d=\"M504.3 273.6l-112.1 104c-6.992 6.484-17.18 8.218-25.94 4.406c-8.758-3.812-14.42-12.45-14.42-21.1L351.9 288H32C14.33 288 .0002 273.7 .0002 255.1S14.33 224 32 224h319.9l0-72c0-9.547 5.66-18.19 14.42-22c8.754-3.809 18.95-2.075 25.94 4.41l112.1 104C514.6 247.9 514.6 264.1 504.3 273.6z\"><\/path><\/svg><\/a><\/div><\/div><\/div>\n<\/div>\n\n\n\n<div class=\"wp-block-uagb-container uagb-block-55b4e726\">\n<div class=\"wp-block-uagb-image uagb-block-eaae7bf0 wp-block-uagb-image--layout-default wp-block-uagb-image--effect-static wp-block-uagb-image--align-none uag-hide-tab uag-hide-mob\"><figure class=\"wp-block-uagb-image__figure\"><img decoding=\"async\" srcset=\"https:\/\/exploraarbelaez.com\/wp-content\/uploads\/2025\/09\/Imagen-Cafeto-24-1024x682.jpg ,https:\/\/exploraarbelaez.com\/wp-content\/uploads\/2025\/09\/Imagen-Cafeto-24.jpg 780w, https:\/\/exploraarbelaez.com\/wp-content\/uploads\/2025\/09\/Imagen-Cafeto-24-1024x682.jpg 360w\" sizes=\"auto, (max-width: 480px) 150px\" src=\"https:\/\/exploraarbelaez.com\/wp-content\/uploads\/2025\/09\/Imagen-Cafeto-24-1024x682.jpg\" alt=\"\" class=\"uag-image-1620\" width=\"1024\" height=\"682\" title=\"Imagen Cafeto 24\" loading=\"lazy\" role=\"img\"\/><\/figure><\/div>\n<\/div>\n<\/div><\/div>\n\n\n\n<div class=\"wp-block-uagb-container uagb-block-f97228bf alignfull uagb-is-root-container\"><div class=\"uagb-container-inner-blocks-wrap\">\n<div class=\"wp-block-uagb-container uagb-block-6d741382\">\n<div class=\"wp-block-uagb-image uagb-block-39f0aade wp-block-uagb-image--layout-default wp-block-uagb-image--effect-static wp-block-uagb-image--align-none\"><figure class=\"wp-block-uagb-image__figure\"><img decoding=\"async\" srcset=\"https:\/\/exploraarbelaez.com\/wp-content\/uploads\/2025\/10\/IMG_20250416_110316-1024x683.jpg ,https:\/\/exploraarbelaez.com\/wp-content\/uploads\/2025\/10\/IMG_20250416_110316-scaled.jpg 780w, https:\/\/exploraarbelaez.com\/wp-content\/uploads\/2025\/10\/IMG_20250416_110316-scaled.jpg 360w\" sizes=\"auto, (max-width: 480px) 150px\" src=\"https:\/\/exploraarbelaez.com\/wp-content\/uploads\/2025\/10\/IMG_20250416_110316-1024x683.jpg\" alt=\"\" class=\"uag-image-2791\" width=\"1024\" height=\"683\" title=\"IMG_20250416_110316\" loading=\"lazy\" role=\"img\"\/><\/figure><\/div>\n<\/div>\n\n\n\n<div class=\"wp-block-uagb-container uagb-block-34706513\">\n<div class=\"wp-block-uagb-info-box uagb-block-41f4581b uagb-infobox__content-wrap  uagb-infobox-icon-above-title uagb-infobox-image-valign-top\"><div class=\"uagb-ifb-content\"><div class=\"uagb-ifb-title-wrap\"><h3 class=\"uagb-ifb-title\">Qu\u00e9 hacer<\/h3><\/div><p class=\"uagb-ifb-desc\">Arbel\u00e1ez es un municipio lleno de vida, tradici\u00f3n y cultura. A lo largo del a\u00f1o se celebran fiestas que reflejan su identidad campesina, su alegr\u00eda y su esp\u00edritu acogedor. Desde ferias agropecuarias y eventos deportivos hasta celebraciones religiosas y festivales culturales, cada fecha especial es una oportunidad para compartir con la comunidad y disfrutar de la m\u00fasica, la gastronom\u00eda y las costumbres locales.Explora la diversidad de experiencias: senderismo, deportes extremos, spa y bienestar, avistamiento de aves o simplemente relajarte rodeado de paisajes \u00fanicos. En Arbel\u00e1ez siempre hay un plan para ti.<\/p><div class=\"uagb-ifb-button-wrapper wp-block-button\"><a href=\"https:\/\/exploraarbelaez.com\/en\/experiencias\/\" target=\"_blank\" onclick=\"return true;\" class=\"uagb-infobox-cta-link\" rel=\"noopener noreferrer\"><span class=\"uagb-inline-editing\">Leer M\u00e1s<\/span><svg xmlns=\"https:\/\/www.w3.org\/2000\/svg\" viewbox=\"0 0 512 512\"><path d=\"M504.3 273.6l-112.1 104c-6.992 6.484-17.18 8.218-25.94 4.406c-8.758-3.812-14.42-12.45-14.42-21.1L351.9 288H32C14.33 288 .0002 273.7 .0002 255.1S14.33 224 32 224h319.9l0-72c0-9.547 5.66-18.19 14.42-22c8.754-3.809 18.95-2.075 25.94 4.41l112.1 104C514.6 247.9 514.6 264.1 504.3 273.6z\"><\/path><\/svg><\/a><\/div><\/div><\/div>\n<\/div>\n<\/div><\/div>\n\n\n\n<div class=\"wp-block-uagb-container uag-hide-desktop uagb-block-cead3c19 alignfull uagb-is-root-container\"><div class=\"uagb-container-inner-blocks-wrap\">\n<div class=\"wp-block-uagb-container uagb-block-6b41778c\">\n<div class=\"wp-block-uagb-image uagb-block-031146dc wp-block-uagb-image--layout-default wp-block-uagb-image--effect-static wp-block-uagb-image--align-none\"><figure class=\"wp-block-uagb-image__figure\"><img decoding=\"async\" srcset=\"https:\/\/exploraarbelaez.com\/wp-content\/uploads\/2025\/10\/Imagen-Cafeto-32-2-1024x683.jpg ,https:\/\/exploraarbelaez.com\/wp-content\/uploads\/2025\/10\/Imagen-Cafeto-32-2.jpg 780w, https:\/\/exploraarbelaez.com\/wp-content\/uploads\/2025\/10\/Imagen-Cafeto-32-2.jpg 360w\" sizes=\"auto, (max-width: 480px) 150px\" src=\"https:\/\/exploraarbelaez.com\/wp-content\/uploads\/2025\/10\/Imagen-Cafeto-32-2-1024x683.jpg\" alt=\"\" class=\"uag-image-2373\" width=\"1024\" height=\"683\" title=\"Imagen Cafeto 32\" loading=\"lazy\" role=\"img\"\/><\/figure><\/div>\n<\/div>\n\n\n\n<div class=\"wp-block-uagb-container uagb-block-eb9c7aea\">\n<div class=\"wp-block-uagb-info-box uagb-block-62ce851e uagb-infobox__content-wrap  uagb-infobox-icon-above-title uagb-infobox-image-valign-top\"><div class=\"uagb-ifb-content\"><div class=\"uagb-ifb-title-wrap\"><h3 class=\"uagb-ifb-title\">Festividades y Eventos Importantes<\/h3><\/div><p class=\"uagb-ifb-desc\">Arbel\u00e1ez es un municipio lleno de vida, tradici\u00f3n y cultura. A lo largo del a\u00f1o se celebran fiestas que reflejan su identidad campesina, su alegr\u00eda y su esp\u00edritu acogedor. Desde ferias agropecuarias y eventos deportivos hasta celebraciones religiosas y festivales culturales, cada fecha especial es una oportunidad para compartir con la comunidad y disfrutar de la m\u00fasica, la gastronom\u00eda y las costumbres locales.<\/p><div class=\"uagb-ifb-button-wrapper wp-block-button\"><a href=\"https:\/\/exploraarbelaez.com\/en\/festividades-y-eventos-en-arbelaez\/\" target=\"_self\" onclick=\"return true;\" class=\"uagb-infobox-cta-link\" rel=\"noopener noreferrer\"><span class=\"uagb-inline-editing\">Leer M\u00e1s<\/span><svg xmlns=\"https:\/\/www.w3.org\/2000\/svg\" viewbox=\"0 0 512 512\"><path d=\"M504.3 273.6l-112.1 104c-6.992 6.484-17.18 8.218-25.94 4.406c-8.758-3.812-14.42-12.45-14.42-21.1L351.9 288H32C14.33 288 .0002 273.7 .0002 255.1S14.33 224 32 224h319.9l0-72c0-9.547 5.66-18.19 14.42-22c8.754-3.809 18.95-2.075 25.94 4.41l112.1 104C514.6 247.9 514.6 264.1 504.3 273.6z\"><\/path><\/svg><\/a><\/div><\/div><\/div>\n<\/div>\n<\/div><\/div>\n\n\n\n<div class=\"wp-block-uagb-container uag-hide-tab uag-hide-mob uagb-block-0385874a alignfull uagb-is-root-container\"><div class=\"uagb-container-inner-blocks-wrap\">\n<div class=\"wp-block-uagb-container uagb-block-81322d56\">\n<div class=\"wp-block-uagb-info-box uagb-block-8c5530b1 uagb-infobox__content-wrap  uagb-infobox-icon-above-title uagb-infobox-image-valign-top\"><div class=\"uagb-ifb-content\"><div class=\"uagb-ifb-title-wrap\"><h3 class=\"uagb-ifb-title\">Festividades y Eventos Importantes<\/h3><\/div><p class=\"uagb-ifb-desc\">Arbel\u00e1ez es un municipio lleno de vida, tradici\u00f3n y cultura. A lo largo del a\u00f1o se celebran fiestas que reflejan su identidad campesina, su alegr\u00eda y su esp\u00edritu acogedor. Desde ferias agropecuarias y eventos deportivos hasta celebraciones religiosas y festivales culturales, cada fecha especial es una oportunidad para compartir con la comunidad y disfrutar de la m\u00fasica, la gastronom\u00eda y las costumbres locales.<\/p><div class=\"uagb-ifb-button-wrapper wp-block-button\"><a href=\"https:\/\/exploraarbelaez.com\/en\/festividades-y-eventos-en-arbelaez\/\" target=\"_self\" onclick=\"return true;\" class=\"uagb-infobox-cta-link\" rel=\"noopener noreferrer\"><span class=\"uagb-inline-editing\">Leer M\u00e1s<\/span><svg xmlns=\"https:\/\/www.w3.org\/2000\/svg\" viewbox=\"0 0 512 512\"><path d=\"M504.3 273.6l-112.1 104c-6.992 6.484-17.18 8.218-25.94 4.406c-8.758-3.812-14.42-12.45-14.42-21.1L351.9 288H32C14.33 288 .0002 273.7 .0002 255.1S14.33 224 32 224h319.9l0-72c0-9.547 5.66-18.19 14.42-22c8.754-3.809 18.95-2.075 25.94 4.41l112.1 104C514.6 247.9 514.6 264.1 504.3 273.6z\"><\/path><\/svg><\/a><\/div><\/div><\/div>\n<\/div>\n\n\n\n<div class=\"wp-block-uagb-container uagb-block-0518fa82\">\n<div class=\"wp-block-uagb-image uagb-block-b1542356 wp-block-uagb-image--layout-default wp-block-uagb-image--effect-static wp-block-uagb-image--align-none uag-hide-tab uag-hide-mob\"><figure class=\"wp-block-uagb-image__figure\"><img decoding=\"async\" srcset=\"https:\/\/exploraarbelaez.com\/wp-content\/uploads\/2025\/10\/Imagen-Cafeto-3.jpeg ,https:\/\/exploraarbelaez.com\/wp-content\/uploads\/2025\/10\/Imagen-Cafeto-3.jpeg 780w, https:\/\/exploraarbelaez.com\/wp-content\/uploads\/2025\/10\/Imagen-Cafeto-3.jpeg 360w\" sizes=\"auto, (max-width: 480px) 150px\" src=\"https:\/\/exploraarbelaez.com\/wp-content\/uploads\/2025\/10\/Imagen-Cafeto-3.jpeg\" alt=\"\" class=\"uag-image-2129\" width=\"1024\" height=\"461\" title=\"Imagen Cafeto 3\" loading=\"lazy\" role=\"img\"\/><\/figure><\/div>\n<\/div>\n<\/div><\/div>\n\n\n\n<p><\/p>","protected":false},"excerpt":{"rendered":"<p>Planifica tu viaje Arbel\u00e1ez, Cundinamarca Explora, rel\u00e1jate y divi\u00e9rtete en un solo lugar.<\/p>","protected":false},"author":1,"featured_media":0,"parent":0,"menu_order":0,"comment_status":"closed","ping_status":"closed","template":"","meta":{"_uag_custom_page_level_css":"","site-sidebar-layout":"default","site-content-layout":"","ast-site-content-layout":"default","site-content-style":"default","site-sidebar-style":"default","ast-global-header-display":"","ast-banner-title-visibility":"","ast-main-header-display":"","ast-hfb-above-header-display":"","ast-hfb-below-header-display":"","ast-hfb-mobile-header-display":"","site-post-title":"disabled","ast-breadcrumbs-content":"","ast-featured-img":"","footer-sml-layout":"","theme-transparent-header-meta":"","adv-header-id-meta":"","stick-header-meta":"","header-above-stick-meta":"","header-main-stick-meta":"","header-below-stick-meta":"","astra-migrate-meta-layouts":"set","ast-page-background-enabled":"default","ast-page-background-meta":{"desktop":{"background-color":"","background-image":"","background-repeat":"repeat","background-position":"center center","background-size":"auto","background-attachment":"scroll","background-type":"","background-media":"","overlay-type":"","overlay-color":"","overlay-opacity":"","overlay-gradient":""},"tablet":{"background-color":"","background-image":"","background-repeat":"repeat","background-position":"center center","background-size":"auto","background-attachment":"scroll","background-type":"","background-media":"","overlay-type":"","overlay-color":"","overlay-opacity":"","overlay-gradient":""},"mobile":{"background-color":"","background-image":"","background-repeat":"repeat","background-position":"center center","background-size":"auto","background-attachment":"scroll","background-type":"","background-media":"","overlay-type":"","overlay-color":"","overlay-opacity":"","overlay-gradient":""}},"ast-content-background-meta":{"desktop":{"background-color":"var(--ast-global-color-5)","background-image":"","background-repeat":"repeat","background-position":"center center","background-size":"auto","background-attachment":"scroll","background-type":"","background-media":"","overlay-type":"","overlay-color":"","overlay-opacity":"","overlay-gradient":""},"tablet":{"background-color":"var(--ast-global-color-5)","background-image":"","background-repeat":"repeat","background-position":"center center","background-size":"auto","background-attachment":"scroll","background-type":"","background-media":"","overlay-type":"","overlay-color":"","overlay-opacity":"","overlay-gradient":""},"mobile":{"background-color":"var(--ast-global-color-5)","background-image":"","background-repeat":"repeat","background-position":"center center","background-size":"auto","background-attachment":"scroll","background-type":"","background-media":"","overlay-type":"","overlay-color":"","overlay-opacity":"","overlay-gradient":""}},"footnotes":""},"class_list":["post-1742","page","type-page","status-publish","hentry"],"aioseo_notices":[],"uagb_featured_image_src":{"full":false,"thumbnail":false,"medium":false,"medium_large":false,"large":false,"1536x1536":false,"2048x2048":false,"trp-custom-language-flag":false},"uagb_author_info":{"display_name":"valentinaquinterodesalvador@gmail.com","author_link":"https:\/\/exploraarbelaez.com\/en\/author\/valentinaquinterodesalvadorgmail-com\/"},"uagb_comment_info":0,"uagb_excerpt":"Planifica tu viaje Arbel\u00e1ez, Cundinamarca Explora, rel\u00e1jate y divi\u00e9rtete en un solo lugar.","_links":{"self":[{"href":"https:\/\/exploraarbelaez.com\/en\/wp-json\/wp\/v2\/pages\/1742","targetHints":{"allow":["GET"]}}],"collection":[{"href":"https:\/\/exploraarbelaez.com\/en\/wp-json\/wp\/v2\/pages"}],"about":[{"href":"https:\/\/exploraarbelaez.com\/en\/wp-json\/wp\/v2\/types\/page"}],"author":[{"embeddable":true,"href":"https:\/\/exploraarbelaez.com\/en\/wp-json\/wp\/v2\/users\/1"}],"replies":[{"embeddable":true,"href":"https:\/\/exploraarbelaez.com\/en\/wp-json\/wp\/v2\/comments?post=1742"}],"version-history":[{"count":44,"href":"https:\/\/exploraarbelaez.com\/en\/wp-json\/wp\/v2\/pages\/1742\/revisions"}],"predecessor-version":[{"id":2960,"href":"https:\/\/exploraarbelaez.com\/en\/wp-json\/wp\/v2\/pages\/1742\/revisions\/2960"}],"wp:attachment":[{"href":"https:\/\/exploraarbelaez.com\/en\/wp-json\/wp\/v2\/media?parent=1742"}],"curies":[{"name":"wp","href":"https:\/\/api.w.org\/{rel}","templated":true}]}}