{"id":2340,"date":"2025-10-14T22:15:50","date_gmt":"2025-10-14T22:15:50","guid":{"rendered":"https:\/\/exploraarbelaez.com\/planes-en-grupo-en-arbelaez\/"},"modified":"2026-02-23T02:39:24","modified_gmt":"2026-02-23T02:39:24","slug":"planes-en-grupo-en-arbelaez","status":"publish","type":"page","link":"https:\/\/exploraarbelaez.com\/en\/planes-en-grupo-en-arbelaez\/","title":{"rendered":"planes en grupo en arbel\u00e1ez"},"content":{"rendered":"<div class=\"wp-block-uagb-container uag-hide-tab uag-hide-mob uagb-block-d8527720 alignfull uagb-is-root-container\"><div class=\"uagb-container-inner-blocks-wrap\">\n<div class=\"wp-block-uagb-info-box uagb-block-d58c6fa8 uagb-infobox__content-wrap  uagb-infobox-icon-above-title uagb-infobox-image-valign-top\"><div class=\"uagb-ifb-content\"><div class=\"uagb-ifb-title-wrap\"><h3 class=\"uagb-ifb-title\">Planes familiares o en grupo en Arbel\u00e1ez<\/h3><\/div><p class=\"uagb-ifb-desc\">Vive momentos inolvidables en familia o con amigos disfrutando de la tranquilidad, la naturaleza y la hospitalidad de Arbel\u00e1ez. Aqu\u00ed encontrar\u00e1s planes dise\u00f1ados para grupos de todos los tama\u00f1os: desde pasad\u00edas relajantes y zonas de bienestar hasta actividades al aire libre para compartir, re\u00edr y desconectarse juntos del ritmo cotidiano.<br>Ya sea para celebrar una ocasi\u00f3n especial o simplemente pasar tiempo de calidad, Arbel\u00e1ez ofrece el escenario perfecto para reconectarse y disfrutar de experiencias \u00fanicas.<\/p><\/div><\/div>\n<\/div><\/div>\n\n\n\n<div class=\"wp-block-uagb-container uag-hide-desktop uagb-block-9f6ba2ce alignfull uagb-is-root-container\"><div class=\"uagb-container-inner-blocks-wrap\">\n<div class=\"wp-block-uagb-info-box uagb-block-06b1146b uagb-infobox__content-wrap  uagb-infobox-icon-above-title uagb-infobox-image-valign-top wp-block-uagb-info-box--has-margin\"><div class=\"uagb-infobox-margin-wrapper\"><div class=\"uagb-ifb-content\"><div class=\"uagb-ifb-title-wrap\"><h3 class=\"uagb-ifb-title\">Planes familiares o en grupo en Arbel\u00e1ez<\/h3><\/div><p class=\"uagb-ifb-desc\">Vive momentos inolvidables en familia o con amigos disfrutando de la tranquilidad, la naturaleza y la hospitalidad de Arbel\u00e1ez. Aqu\u00ed encontrar\u00e1s planes dise\u00f1ados para grupos de todos los tama\u00f1os.<\/p><\/div><\/div><\/div>\n<\/div><\/div>\n\n\n\n<div class=\"wp-block-uagb-container uagb-block-3e768dc1 alignfull uagb-is-root-container\"><div class=\"uagb-container__shape uagb-container__shape-bottom uagb-container__invert\" data-negative=\"false\"><svg xmlns=\"https:\/\/www.w3.org\/2000\/svg\" viewbox=\"0 0 283.5 27.8\" preserveaspectratio=\"none\"><path class=\"uagb-container__shape-fill\" d=\"M283.5,9.7c0,0-7.3,4.3-14,4.6c-6.8,0.3-12.6,0-20.9-1.5c-11.3-2-33.1-10.1-44.7-5.7\ts-12.1,4.6-18,7.4c-6.6,3.2-20,9.6-36.6,9.3C131.6,23.5,99.5,7.2,86.3,8c-1.4,0.1-6.6,0.8-10.5,2c-3.8,1.2-9.4,3.8-17,4.7\tc-3.2,0.4-8.3,1.1-14.2,0.9c-1.5-0.1-6.3-0.4-12-1.6c-5.7-1.2-11-3.1-15.8-3.7C6.5,9.2,0,10.8,0,10.8V0h283.5V9.7z M260.8,11.3\tc-0.7-1-2-0.4-4.3-0.4c-2.3,0-6.1-1.2-5.8-1.1c0.3,0.1,3.1,1.5,6,1.9C259.7,12.2,261.4,12.3,260.8,11.3z M242.4,8.6\tc0,0-2.4-0.2-5.6-0.9c-3.2-0.8-10.3-2.8-15.1-3.5c-8.2-1.1-15.8,0-15.1,0.1c0.8,0.1,9.6-0.6,17.6,1.1c3.3,0.7,9.3,2.2,12.4,2.7\tC239.9,8.7,242.4,8.6,242.4,8.6z M185.2,8.5c1.7-0.7-13.3,4.7-18.5,6.1c-2.1,0.6-6.2,1.6-10,2c-3.9,0.4-8.9,0.4-8.8,0.5\tc0,0.2,5.8,0.8,11.2,0c5.4-0.8,5.2-1.1,7.6-1.6C170.5,14.7,183.5,9.2,185.2,8.5z M199.1,6.9c0.2,0-0.8-0.4-4.8,1.1\tc-4,1.5-6.7,3.5-6.9,3.7c-0.2,0.1,3.5-1.8,6.6-3C197,7.5,199,6.9,199.1,6.9z M283,6c-0.1,0.1-1.9,1.1-4.8,2.5s-6.9,2.8-6.7,2.7\tc0.2,0,3.5-0.6,7.4-2.5C282.8,6.8,283.1,5.9,283,6z M31.3,11.6c0.1-0.2-1.9-0.2-4.5-1.2s-5.4-1.6-7.8-2C15,7.6,7.3,8.5,7.7,8.6\tC8,8.7,15.9,8.3,20.2,9.3c2.2,0.5,2.4,0.5,5.7,1.6S31.2,11.9,31.3,11.6z M73,9.2c0.4-0.1,3.5-1.6,8.4-2.6c4.9-1.1,8.9-0.5,8.9-0.8\tc0-0.3-1-0.9-6.2-0.3S72.6,9.3,73,9.2z M71.6,6.7C71.8,6.8,75,5.4,77.3,5c2.3-0.3,1.9-0.5,1.9-0.6c0-0.1-1.1-0.2-2.7,0.2\tC74.8,5.1,71.4,6.6,71.6,6.7z M93.6,4.4c0.1,0.2,3.5,0.8,5.6,1.8c2.1,1,1.8,0.6,1.9,0.5c0.1-0.1-0.8-0.8-2.4-1.3\tC97.1,4.8,93.5,4.2,93.6,4.4z M65.4,11.1c-0.1,0.3,0.3,0.5,1.9-0.2s2.6-1.3,2.2-1.2s-0.9,0.4-2.5,0.8C65.3,10.9,65.5,10.8,65.4,11.1\tz M34.5,12.4c-0.2,0,2.1,0.8,3.3,0.9c1.2,0.1,2,0.1,2-0.2c0-0.3-0.1-0.5-1.6-0.4C36.6,12.8,34.7,12.4,34.5,12.4z M152.2,21.1\tc-0.1,0.1-2.4-0.3-7.5-0.3c-5,0-13.6-2.4-17.2-3.5c-3.6-1.1,10,3.9,16.5,4.1C150.5,21.6,152.3,21,152.2,21.1z\"><\/path><path class=\"uagb-container__shape-fill\" d=\"M269.6,18c-0.1-0.1-4.6,0.3-7.2,0c-7.3-0.7-17-3.2-16.6-2.9c0.4,0.3,13.7,3.1,17,3.3\tC267.7,18.8,269.7,18,269.6,18z\"><\/path><path class=\"uagb-container__shape-fill\" d=\"M227.4,9.8c-0.2-0.1-4.5-1-9.5-1.2c-5-0.2-12.7,0.6-12.3,0.5c0.3-0.1,5.9-1.8,13.3-1.2\tS227.6,9.9,227.4,9.8z\"><\/path><path class=\"uagb-container__shape-fill\" d=\"M204.5,13.4c-0.1-0.1,2-1,3.2-1.1c1.2-0.1,2,0,2,0.3c0,0.3-0.1,0.5-1.6,0.4\tC206.4,12.9,204.6,13.5,204.5,13.4z\"><\/path><path class=\"uagb-container__shape-fill\" d=\"M201,10.6c0-0.1-4.4,1.2-6.3,2.2c-1.9,0.9-6.2,3.1-6.1,3.1c0.1,0.1,4.2-1.6,6.3-2.6\tS201,10.7,201,10.6z\"><\/path><path class=\"uagb-container__shape-fill\" d=\"M154.5,26.7c-0.1-0.1-4.6,0.3-7.2,0c-7.3-0.7-17-3.2-16.6-2.9c0.4,0.3,13.7,3.1,17,3.3\tC152.6,27.5,154.6,26.8,154.5,26.7z\"><\/path><path class=\"uagb-container__shape-fill\" d=\"M41.9,19.3c0,0,1.2-0.3,2.9-0.1c1.7,0.2,5.8,0.9,8.2,0.7c4.2-0.4,7.4-2.7,7-2.6\tc-0.4,0-4.3,2.2-8.6,1.9c-1.8-0.1-5.1-0.5-6.7-0.4S41.9,19.3,41.9,19.3z\"><\/path><path class=\"uagb-container__shape-fill\" d=\"M75.5,12.6c0.2,0.1,2-0.8,4.3-1.1c2.3-0.2,2.1-0.3,2.1-0.5c0-0.1-1.8-0.4-3.4,0\tC76.9,11.5,75.3,12.5,75.5,12.6z\"><\/path><path class=\"uagb-container__shape-fill\" d=\"M15.6,13.2c0-0.1,4.3,0,6.7,0.5c2.4,0.5,5,1.9,5,2c0,0.1-2.7-0.8-5.1-1.4\tC19.9,13.7,15.7,13.3,15.6,13.2z\"><\/path><\/svg><\/div><div class=\"uagb-container-inner-blocks-wrap\">\n<div class=\"wp-block-uagb-container uagb-block-a8b9d856\">\n<div class=\"wp-block-uagb-info-box uagb-block-934d6d3c uagb-infobox__content-wrap  uagb-infobox-icon-above-title uagb-infobox-image-valign-top\"><div class=\"uagb-ifb-content\"><div class=\"uagb-ifb-image-content\"><img decoding=\"async\" src=\"https:\/\/exploraarbelaez.com\/wp-content\/uploads\/2026\/02\/WhatsApp_Image_2026-02-09_at_14.58.07-removebg-preview-e1771276008891.png\" alt=\"\" width=\"\" height=\"0\" loading=\"lazy\"\/><\/div><div class=\"uagb-ifb-title-wrap\"><h3 class=\"uagb-ifb-title\"><strong>Finca la Santa Mar\u00eda<\/strong><\/h3><\/div><p class=\"uagb-ifb-desc\">Hacienda El Cafeto: relaxation, adventure, culture, and rural tradition in a unique agro-ecotourism experience. At Hacienda El Cafeto, you will find comfortable lodging in chalets and cabins, traditional cuisine, guided hikes, bird watching, horseback riding, and adventure tourism. Enjoy community and experiential activities alongside an artisanal sugar mill and a local beekeeper, in a setting surrounded by nature, tradition, and sustainability.<\/p><div class=\"uagb-ifb-button-wrapper wp-block-button\"><a href=\"https:\/\/fincalasantamaria.exploraarbelaez.com\/\" class=\"uagb-infobox-cta-link wp-block-button__link\" target=\"_blank\" rel=\"noopener noreferrer\" onclick=\"return true;\"><span class=\"uagb-inline-editing\">Conocer M\u00e1s<\/span><\/a><\/div><\/div><\/div>\n<\/div>\n\n\n\n<div class=\"wp-block-uagb-container uagb-block-a881556b\">\n<div class=\"wp-block-uagb-info-box uagb-block-13f6d5b7 uagb-infobox__content-wrap  uagb-infobox-icon-above-title uagb-infobox-image-valign-top\"><div class=\"uagb-ifb-content\"><div class=\"uagb-ifb-image-content\"><img decoding=\"async\" src=\"https:\/\/exploraarbelaez.com\/wp-content\/uploads\/2025\/09\/2-150x150.png\" alt=\"\" width=\"\" height=\"0\" loading=\"lazy\"\/><\/div><div class=\"uagb-ifb-title-wrap\"><h3 class=\"uagb-ifb-title\">Rinc\u00f3n Campestre Vistaverde<\/h3><\/div><p class=\"uagb-ifb-desc\">Rinc\u00f3n Campestre Vistaverde is an ideal rural accommodation for groups, with views of Nevado del Ruiz and coffee plantations that produce their own coffee. It offers comfortable rooms, common areas, a BBQ area, and wellness spaces with a jacuzzi, Turkish bath, and sauna. It also offers experiences such as day trips, ecotourism walks, and bird watching, in an environment where the tranquility of the countryside and the aroma of Colombian coffee can be enjoyed at every moment.<\/p><div class=\"uagb-ifb-button-wrapper wp-block-button\"><a href=\"https:\/\/rinconcampestrevistaverde.exploraarbelaez.com\/\" class=\"uagb-infobox-cta-link wp-block-button__link\" target=\"_blank\" rel=\"noopener noreferrer\" onclick=\"return true;\"><span class=\"uagb-inline-editing\">Conocer M\u00e1s<\/span><\/a><\/div><\/div><\/div>\n<\/div>\n\n\n\n<div class=\"wp-block-uagb-container uagb-block-f8483ba1\">\n<div class=\"wp-block-uagb-info-box uagb-block-0ee1f384 uagb-infobox__content-wrap  uagb-infobox-icon-above-title uagb-infobox-image-valign-top\"><div class=\"uagb-ifb-content\"><div class=\"uagb-ifb-image-content\"><img decoding=\"async\" src=\"https:\/\/exploraarbelaez.com\/wp-content\/uploads\/2025\/09\/Diseno_sin_titulo__4_-removebg-preview-150x150.png\" alt=\"\" width=\"\" height=\"0\" loading=\"lazy\"\/><\/div><div class=\"uagb-ifb-title-wrap\"><h3 class=\"uagb-ifb-title\">Arbel\u00e1ez Natural Travel<\/h3><\/div><p class=\"uagb-ifb-desc\">Arbel\u00e1ez Natural travel es una agencia de viajes y turismo que te invita a vivir experiencias donde la aventura y la naturaleza se unen para regalarte momentos inolvidables. Podr\u00e1s descender en rappel, recorrer senderos a trav\u00e9s del hiking y descubrir la fuerza de majestuosas cascadas. Tambi\u00e9n vivir\u00e1s la magia de la ancestralidad al visitar petroglifos que guardan historias milenarias, mientras te sorprendes con la belleza de las aves y la riqueza del territorio. Una experiencia que combina adrenalina, conexi\u00f3n cultural y la belleza aut\u00e9ntica del campo.<\/p><div class=\"uagb-ifb-button-wrapper wp-block-button\"><a href=\"https:\/\/wa.me\/3125821080\" class=\"uagb-infobox-cta-link wp-block-button__link\" target=\"_blank\" rel=\"noopener noreferrer\" onclick=\"return true;\"><span class=\"uagb-inline-editing\">Conocer M\u00e1s<\/span><\/a><\/div><\/div><\/div>\n<\/div>\n<\/div><\/div>\n\n\n\n<div class=\"wp-block-uagb-container uagb-block-75a05062 alignfull uagb-is-root-container\"><div class=\"uagb-container-inner-blocks-wrap\">\n<div class=\"wp-block-uagb-container uagb-block-101783d6\">\n<div class=\"wp-block-uagb-info-box uagb-block-16d355b1 uagb-infobox__content-wrap  uagb-infobox_cta-type-all uagb-infobox-icon-above-title uagb-infobox-image-valign-top texto-sombreado\"><a href=\"https:\/\/wa.me\/3158133018\" class=\"uagb-infobox-link-wrap uagb-infbox__link-to-all\" target=\"_blank\" aria-label=\"Infobox Link\" rel=\"noopener noreferrer\" onclick=\"return true;\"><\/a><div class=\"uagb-ifb-content\"><div class=\"uagb-ifb-image-content\"><img decoding=\"async\" src=\"https:\/\/exploraarbelaez.com\/wp-content\/uploads\/2026\/02\/WhatsApp_Image_2026-02-09_at_14.58.07-removebg-preview-e1771276008891.png\" alt=\"\" width=\"\" height=\"0\" loading=\"lazy\"\/><\/div><div class=\"uagb-ifb-title-wrap\"><h3 class=\"uagb-ifb-title\">Caf\u00e9, Petroglifos y R\u00edo<\/h3><\/div><p class=\"uagb-ifb-desc\">Explora con tu grupo el proceso del caf\u00e9, conoce los petroglifos ancestrales y disfruta de un ba\u00f1o en el r\u00edo. Una experiencia completa que combina historia, cultura y naturaleza.<\/p><div class=\"uagb-ifb-button-wrapper wp-block-button\"><\/div><\/div><\/div>\n<\/div>\n\n\n\n<div class=\"wp-block-uagb-container uagb-block-4cb82ed0\">\n<div class=\"wp-block-uagb-info-box uagb-block-c571f0da uagb-infobox__content-wrap  uagb-infobox_cta-type-all uagb-infobox-icon-above-title uagb-infobox-image-valign-top texto-sombreado\"><a href=\"https:\/\/wa.me\/3022386579\" class=\"uagb-infobox-link-wrap uagb-infbox__link-to-all\" target=\"_blank\" aria-label=\"Infobox Link\" rel=\"noopener noreferrer\" onclick=\"return true;\"><\/a><div class=\"uagb-ifb-content\"><div class=\"uagb-ifb-image-content\"><img decoding=\"async\" src=\"https:\/\/exploraarbelaez.com\/wp-content\/uploads\/2025\/10\/5-150x150.png\" alt=\"\" width=\"\" height=\"0\" loading=\"lazy\"\/><\/div><div class=\"uagb-ifb-title-wrap\"><h3 class=\"uagb-ifb-title\">Pasad\u00eda Familiar de Bienestar<\/h3><\/div><p class=\"uagb-ifb-desc\">Vive un d\u00eda completo en familia con espacios para todos: zonas h\u00famedas, hamacas y actividades al aire libre. Perfecto para celebrar cumplea\u00f1os o fechas especiales o reuniones especiales en un entorno natural.<\/p><div class=\"uagb-ifb-button-wrapper wp-block-button\"><\/div><\/div><\/div>\n<\/div>\n\n\n\n<div class=\"wp-block-uagb-container uagb-block-ca344395\">\n<div class=\"wp-block-uagb-info-box uagb-block-8a97e4c0 uagb-infobox__content-wrap  uagb-infobox_cta-type-all uagb-infobox-icon-above-title uagb-infobox-image-valign-top texto-sombreado\"><a href=\"https:\/\/wa.me\/3125821080\" class=\"uagb-infobox-link-wrap uagb-infbox__link-to-all\" target=\"_blank\" aria-label=\"Infobox Link\" rel=\"noopener noreferrer\" onclick=\"return true;\"><\/a><div class=\"uagb-ifb-content\"><div class=\"uagb-ifb-image-content\"><img decoding=\"async\" src=\"https:\/\/exploraarbelaez.com\/wp-content\/uploads\/2025\/09\/Diseno_sin_titulo__4_-removebg-preview-150x150.png\" alt=\"\" width=\"\" height=\"0\" loading=\"lazy\"\/><\/div><div class=\"uagb-ifb-title-wrap\"><h3 class=\"uagb-ifb-title\">Ruta de Aventura y Naturaleza<\/h3><\/div><p class=\"uagb-ifb-desc\">Vive una experiencia de aventura y naturaleza entre cascadas sorprendentes y monta\u00f1as maravillosas junto con tu familia y amigos y vivan un d\u00eda inolvidable.<\/p><div class=\"uagb-ifb-button-wrapper wp-block-button\"><\/div><\/div><\/div>\n<\/div>\n\n\n\n<div class=\"wp-block-uagb-container uagb-block-bb95b2c7\">\n<div class=\"wp-block-uagb-info-box uagb-block-d2ba8e91 uagb-infobox__content-wrap  uagb-infobox_cta-type-all uagb-infobox-icon-above-title uagb-infobox-image-valign-top texto-sombreado\"><a href=\"https:\/\/wa.me\/3158133018\" class=\"uagb-infobox-link-wrap uagb-infbox__link-to-all\" target=\"_blank\" aria-label=\"Infobox Link\" rel=\"noopener noreferrer\" onclick=\"return true;\"><\/a><div class=\"uagb-ifb-content\"><div class=\"uagb-ifb-image-content\"><img decoding=\"async\" src=\"https:\/\/exploraarbelaez.com\/wp-content\/uploads\/2026\/02\/WhatsApp_Image_2026-02-09_at_14.58.07-removebg-preview-e1771276008891.png\" alt=\"\" width=\"\" height=\"0\" loading=\"lazy\"\/><\/div><div class=\"uagb-ifb-title-wrap\"><h3 class=\"uagb-ifb-title\">Encuentro Campestre y Fogata Nocturna<\/h3><\/div><p class=\"uagb-ifb-desc\">Una experiencia grupal en un entorno tranquilo con <strong>actividades al aire libre, cena campestre y fogata<\/strong> bajo el cielo estrellado. Ideal para grupos que buscan relajarse y compartir momentos inolvidables.<\/p><div class=\"uagb-ifb-button-wrapper wp-block-button\"><\/div><\/div><\/div>\n<\/div>\n\n\n\n<div class=\"wp-block-uagb-container uagb-block-6e91c67e\">\n<div class=\"wp-block-uagb-info-box uagb-block-0c162a12 uagb-infobox__content-wrap  uagb-infobox_cta-type-all uagb-infobox-icon-above-title uagb-infobox-image-valign-top texto-sombreado\"><a href=\"https:\/\/wa.me\/3022386579\" class=\"uagb-infobox-link-wrap uagb-infbox__link-to-all\" target=\"_blank\" aria-label=\"Infobox Link\" rel=\"noopener noreferrer\" onclick=\"return true;\"><\/a><div class=\"uagb-ifb-content\"><div class=\"uagb-ifb-image-content\"><img decoding=\"async\" src=\"https:\/\/exploraarbelaez.com\/wp-content\/uploads\/2025\/10\/5-150x150.png\" alt=\"\" width=\"\" height=\"0\" loading=\"lazy\"\/><\/div><div class=\"uagb-ifb-title-wrap\"><h3 class=\"uagb-ifb-title\">D\u00eda Campestre<\/h3><\/div><p class=\"uagb-ifb-desc\">Disfruta una jornada de descanso y diversi\u00f3n con acceso al <strong>jacuzzi, sauna, turco y zonas verdes<\/strong>. Ideal para grupos que buscan relajarse, compartir de un asado en la zona BBQ y disfrutar del entorno y visitar atractivos turisticos naturales.<\/p><div class=\"uagb-ifb-button-wrapper wp-block-button\"><\/div><\/div><\/div>\n<\/div>\n\n\n\n<div class=\"wp-block-uagb-container uagb-block-5387da06\">\n<div class=\"wp-block-uagb-info-box uagb-block-9a5f5a31 uagb-infobox__content-wrap  uagb-infobox_cta-type-all uagb-infobox-icon-above-title uagb-infobox-image-valign-top texto-sombreado\"><a href=\"https:\/\/wa.me\/3125821080\" class=\"uagb-infobox-link-wrap uagb-infbox__link-to-all\" target=\"_blank\" aria-label=\"Infobox Link\" rel=\"noopener noreferrer\" onclick=\"return true;\"><\/a><div class=\"uagb-ifb-content\"><div class=\"uagb-ifb-image-content\"><img decoding=\"async\" src=\"https:\/\/exploraarbelaez.com\/wp-content\/uploads\/2025\/09\/Diseno_sin_titulo__4_-removebg-preview-150x150.png\" alt=\"\" width=\"\" height=\"0\" loading=\"lazy\"\/><\/div><div class=\"uagb-ifb-title-wrap\"><h3 class=\"uagb-ifb-title\">Ruta de Ancestralidad<\/h3><\/div><p class=\"uagb-ifb-desc\">Emb\u00e1rcate en un viaje al pasado con la <strong>Ruta de la Ancestralidad en Arbel\u00e1ez<\/strong>, una experiencia cultural y natural que conecta con las ra\u00edces del territorio.<br>Camina entre monta\u00f1as hasta llegar a los <strong>petroglifos sagrados<\/strong>,  tallados en piedra por los pueblos originarios, y descubre las historias que guardan junto a este legado.<br>Ideal para quienes buscan <strong>turismo cultural, espiritual y ecol\u00f3gico<\/strong>.<\/p><div class=\"uagb-ifb-button-wrapper wp-block-button\"><\/div><\/div><\/div>\n<\/div>\n<\/div><\/div>\n\n\n\n<div class=\"wp-block-uagb-container uagb-block-6ca8276b alignfull uagb-is-root-container\"><div class=\"uagb-container-inner-blocks-wrap\">\n<div class=\"wp-block-uagb-container uagb-block-f53a5654\">\n<div class=\"wp-block-uagb-info-box uagb-block-1c37e9a4 uagb-infobox__content-wrap  uagb-infobox_cta-type-all uagb-infobox-icon-above-title uagb-infobox-image-valign-top texto-sombreado\"><a href=\"https:\/\/wa.me\/3158133018\" class=\"uagb-infobox-link-wrap uagb-infbox__link-to-all\" target=\"_blank\" aria-label=\"Infobox Link\" rel=\"noopener noreferrer\" onclick=\"return true;\"><\/a><div class=\"uagb-ifb-content\"><div class=\"uagb-ifb-image-content\"><img decoding=\"async\" src=\"https:\/\/exploraarbelaez.com\/wp-content\/uploads\/2026\/02\/WhatsApp_Image_2026-02-09_at_14.58.07-removebg-preview-e1771276008891.png\" alt=\"\" width=\"\" height=\"0\" loading=\"lazy\"\/><\/div><div class=\"uagb-ifb-title-wrap\"><h3 class=\"uagb-ifb-title\">Caminata Ecol\u00f3gica con Almuerzo Campesino<\/h3><\/div><p class=\"uagb-ifb-desc\">Celebra tus momentos m\u00e1s importantes en nuestro kiosko rodeado de naturales, ideal para reuniones familiares, encuentros sociales o celebraciones bajo un ambiente tranquilo y rodeado de naturaleza.<\/p><div class=\"uagb-ifb-button-wrapper wp-block-button\"><\/div><\/div><\/div>\n<\/div>\n\n\n\n<div class=\"wp-block-uagb-container uagb-block-dc3f48d8\">\n<div class=\"wp-block-uagb-info-box uagb-block-1b5bd8ea uagb-infobox__content-wrap  uagb-infobox_cta-type-all uagb-infobox-icon-above-title uagb-infobox-image-valign-top texto-sombreado\"><a href=\"https:\/\/wa.me\/3022386579\" class=\"uagb-infobox-link-wrap uagb-infbox__link-to-all\" target=\"_blank\" aria-label=\"Infobox Link\" rel=\"noopener noreferrer\" onclick=\"return true;\"><\/a><div class=\"uagb-ifb-content\"><div class=\"uagb-ifb-image-content\"><img decoding=\"async\" src=\"https:\/\/exploraarbelaez.com\/wp-content\/uploads\/2025\/10\/5-150x150.png\" alt=\"\" width=\"\" height=\"0\" loading=\"lazy\"\/><\/div><div class=\"uagb-ifb-title-wrap\"><h3 class=\"uagb-ifb-title\">Pasad\u00eda Extremo<\/h3><\/div><p class=\"uagb-ifb-desc\">Comienza la aventura con <strong>actividades de deportes extremos y de aventura<\/strong>, donde podr\u00e1s poner a prueba tu energ\u00eda y disfrutar de los paisajes naturales que rodean Vistaverde. Luego de la emoci\u00f3n, rel\u00e1jate en nuestras <strong>zonas h\u00famedas con sauna, turco y jacuzzi<\/strong>, ideales para recuperar el cuerpo y la mente despu\u00e9s de la jornada.<\/p><div class=\"uagb-ifb-button-wrapper wp-block-button\"><\/div><\/div><\/div>\n<\/div>\n\n\n\n<div class=\"wp-block-uagb-container uagb-block-357000e9\">\n<div class=\"wp-block-uagb-info-box uagb-block-2282c629 uagb-infobox__content-wrap  uagb-infobox_cta-type-all uagb-infobox-icon-above-title uagb-infobox-image-valign-top texto-sombreado\"><a href=\"https:\/\/wa.me\/3125821080\" class=\"uagb-infobox-link-wrap uagb-infbox__link-to-all\" target=\"_blank\" aria-label=\"Infobox Link\" rel=\"noopener noreferrer\" onclick=\"return true;\"><\/a><div class=\"uagb-ifb-content\"><div class=\"uagb-ifb-image-content\"><img decoding=\"async\" src=\"https:\/\/exploraarbelaez.com\/wp-content\/uploads\/2025\/09\/Diseno_sin_titulo__4_-removebg-preview-150x150.png\" alt=\"\" width=\"\" height=\"0\" loading=\"lazy\"\/><\/div><div class=\"uagb-ifb-title-wrap\"><h3 class=\"uagb-ifb-title\">Rutas Ecoturisticas y avistamiento de aves<\/h3><\/div><p class=\"uagb-ifb-desc\">Descubre la magia natural de <strong>Arbel\u00e1ez, Cundinamarca<\/strong>, recorriendo senderos entre monta\u00f1as, bosques y cafetales donde habitan una gran cantidad de especies de aves, adem\u00e1s vive una experiencia de <strong>ecoturismo<\/strong>, durante el recorrido podr\u00e1s <strong>observar especies end\u00e9micas<\/strong>, disfrutar de paisajes panor\u00e1micos y conectar con la tranquilidad del entorno rural.<br>Perfecto para grupos, familias o parejas que buscan una experiencia aut\u00e9ntica de <strong>ecoturismo en Arbel\u00e1ez<\/strong>.<\/p><div class=\"uagb-ifb-button-wrapper wp-block-button\"><\/div><\/div><\/div>\n<\/div>\n\n\n\n<div class=\"wp-block-uagb-container uagb-block-642c0390\"><\/div>\n\n\n\n<div class=\"wp-block-uagb-container uagb-block-91019b4e\"><\/div>\n\n\n\n<div class=\"wp-block-uagb-container uagb-block-2a7f1fe4\"><\/div>\n<\/div><\/div>","protected":false},"excerpt":{"rendered":"","protected":false},"author":1,"featured_media":0,"parent":0,"menu_order":0,"comment_status":"closed","ping_status":"closed","template":"","meta":{"_uag_custom_page_level_css":"","site-sidebar-layout":"default","site-content-layout":"","ast-site-content-layout":"default","site-content-style":"default","site-sidebar-style":"default","ast-global-header-display":"","ast-banner-title-visibility":"","ast-main-header-display":"","ast-hfb-above-header-display":"","ast-hfb-below-header-display":"","ast-hfb-mobile-header-display":"","site-post-title":"disabled","ast-breadcrumbs-content":"","ast-featured-img":"","footer-sml-layout":"","theme-transparent-header-meta":"","adv-header-id-meta":"","stick-header-meta":"","header-above-stick-meta":"","header-main-stick-meta":"","header-below-stick-meta":"","astra-migrate-meta-layouts":"set","ast-page-background-enabled":"default","ast-page-background-meta":{"desktop":{"background-color":"","background-image":"","background-repeat":"repeat","background-position":"center center","background-size":"auto","background-attachment":"scroll","background-type":"","background-media":"","overlay-type":"","overlay-color":"","overlay-opacity":"","overlay-gradient":""},"tablet":{"background-color":"","background-image":"","background-repeat":"repeat","background-position":"center center","background-size":"auto","background-attachment":"scroll","background-type":"","background-media":"","overlay-type":"","overlay-color":"","overlay-opacity":"","overlay-gradient":""},"mobile":{"background-color":"","background-image":"","background-repeat":"repeat","background-position":"center center","background-size":"auto","background-attachment":"scroll","background-type":"","background-media":"","overlay-type":"","overlay-color":"","overlay-opacity":"","overlay-gradient":""}},"ast-content-background-meta":{"desktop":{"background-color":"var(--ast-global-color-5)","background-image":"","background-repeat":"repeat","background-position":"center center","background-size":"auto","background-attachment":"scroll","background-type":"","background-media":"","overlay-type":"","overlay-color":"","overlay-opacity":"","overlay-gradient":""},"tablet":{"background-color":"var(--ast-global-color-5)","background-image":"","background-repeat":"repeat","background-position":"center center","background-size":"auto","background-attachment":"scroll","background-type":"","background-media":"","overlay-type":"","overlay-color":"","overlay-opacity":"","overlay-gradient":""},"mobile":{"background-color":"var(--ast-global-color-5)","background-image":"","background-repeat":"repeat","background-position":"center center","background-size":"auto","background-attachment":"scroll","background-type":"","background-media":"","overlay-type":"","overlay-color":"","overlay-opacity":"","overlay-gradient":""}},"footnotes":""},"class_list":["post-2340","page","type-page","status-publish","hentry"],"aioseo_notices":[],"uagb_featured_image_src":{"full":false,"thumbnail":false,"medium":false,"medium_large":false,"large":false,"1536x1536":false,"2048x2048":false,"trp-custom-language-flag":false},"uagb_author_info":{"display_name":"valentinaquinterodesalvador@gmail.com","author_link":"https:\/\/exploraarbelaez.com\/en\/author\/valentinaquinterodesalvadorgmail-com\/"},"uagb_comment_info":0,"uagb_excerpt":null,"_links":{"self":[{"href":"https:\/\/exploraarbelaez.com\/en\/wp-json\/wp\/v2\/pages\/2340","targetHints":{"allow":["GET"]}}],"collection":[{"href":"https:\/\/exploraarbelaez.com\/en\/wp-json\/wp\/v2\/pages"}],"about":[{"href":"https:\/\/exploraarbelaez.com\/en\/wp-json\/wp\/v2\/types\/page"}],"author":[{"embeddable":true,"href":"https:\/\/exploraarbelaez.com\/en\/wp-json\/wp\/v2\/users\/1"}],"replies":[{"embeddable":true,"href":"https:\/\/exploraarbelaez.com\/en\/wp-json\/wp\/v2\/comments?post=2340"}],"version-history":[{"count":83,"href":"https:\/\/exploraarbelaez.com\/en\/wp-json\/wp\/v2\/pages\/2340\/revisions"}],"predecessor-version":[{"id":3181,"href":"https:\/\/exploraarbelaez.com\/en\/wp-json\/wp\/v2\/pages\/2340\/revisions\/3181"}],"wp:attachment":[{"href":"https:\/\/exploraarbelaez.com\/en\/wp-json\/wp\/v2\/media?parent=2340"}],"curies":[{"name":"wp","href":"https:\/\/api.w.org\/{rel}","templated":true}]}}