{"id":2449,"date":"2025-10-15T20:54:53","date_gmt":"2025-10-15T20:54:53","guid":{"rendered":"https:\/\/exploraarbelaez.com\/festividades-y-eventos-importantes\/"},"modified":"2025-10-19T21:15:49","modified_gmt":"2025-10-19T21:15:49","slug":"festividades-y-eventos-en-arbelaez","status":"publish","type":"page","link":"https:\/\/exploraarbelaez.com\/en\/festividades-y-eventos-en-arbelaez\/","title":{"rendered":"festividades y eventos en arbelaez"},"content":{"rendered":"<div class=\"wp-block-uagb-container uag-hide-tab uag-hide-mob uagb-block-eb0ccf26 alignfull uagb-is-root-container\"><div class=\"uagb-container-inner-blocks-wrap\">\n<div class=\"wp-block-uagb-advanced-heading uagb-block-653498b3 texto-sombreado\"><h2 class=\"uagb-heading-text\">Festividades y Eventos Importantes en Arbel\u00e1ez<\/h2><\/div>\n<\/div><\/div>\n\n\n\n<div class=\"wp-block-uagb-container uag-hide-desktop uagb-block-452e5ae0 alignfull uagb-is-root-container\"><div class=\"uagb-container-inner-blocks-wrap\">\n<div class=\"wp-block-uagb-advanced-heading uagb-block-b50231fe texto-sombreado\"><h2 class=\"uagb-heading-text\">Festividades y Eventos en Arbel\u00e1ez<\/h2><\/div>\n<\/div><\/div>\n\n\n\n<div class=\"wp-block-uagb-container uagb-block-65c058a3 alignfull uagb-is-root-container\"><div class=\"uagb-container__shape uagb-container__shape-bottom uagb-container__invert\" data-negative=\"false\"><svg xmlns=\"https:\/\/www.w3.org\/2000\/svg\" viewbox=\"0 0 283.5 27.8\" preserveaspectratio=\"none\"><path class=\"uagb-container__shape-fill\" d=\"M283.5,9.7c0,0-7.3,4.3-14,4.6c-6.8,0.3-12.6,0-20.9-1.5c-11.3-2-33.1-10.1-44.7-5.7\ts-12.1,4.6-18,7.4c-6.6,3.2-20,9.6-36.6,9.3C131.6,23.5,99.5,7.2,86.3,8c-1.4,0.1-6.6,0.8-10.5,2c-3.8,1.2-9.4,3.8-17,4.7\tc-3.2,0.4-8.3,1.1-14.2,0.9c-1.5-0.1-6.3-0.4-12-1.6c-5.7-1.2-11-3.1-15.8-3.7C6.5,9.2,0,10.8,0,10.8V0h283.5V9.7z M260.8,11.3\tc-0.7-1-2-0.4-4.3-0.4c-2.3,0-6.1-1.2-5.8-1.1c0.3,0.1,3.1,1.5,6,1.9C259.7,12.2,261.4,12.3,260.8,11.3z M242.4,8.6\tc0,0-2.4-0.2-5.6-0.9c-3.2-0.8-10.3-2.8-15.1-3.5c-8.2-1.1-15.8,0-15.1,0.1c0.8,0.1,9.6-0.6,17.6,1.1c3.3,0.7,9.3,2.2,12.4,2.7\tC239.9,8.7,242.4,8.6,242.4,8.6z M185.2,8.5c1.7-0.7-13.3,4.7-18.5,6.1c-2.1,0.6-6.2,1.6-10,2c-3.9,0.4-8.9,0.4-8.8,0.5\tc0,0.2,5.8,0.8,11.2,0c5.4-0.8,5.2-1.1,7.6-1.6C170.5,14.7,183.5,9.2,185.2,8.5z M199.1,6.9c0.2,0-0.8-0.4-4.8,1.1\tc-4,1.5-6.7,3.5-6.9,3.7c-0.2,0.1,3.5-1.8,6.6-3C197,7.5,199,6.9,199.1,6.9z M283,6c-0.1,0.1-1.9,1.1-4.8,2.5s-6.9,2.8-6.7,2.7\tc0.2,0,3.5-0.6,7.4-2.5C282.8,6.8,283.1,5.9,283,6z M31.3,11.6c0.1-0.2-1.9-0.2-4.5-1.2s-5.4-1.6-7.8-2C15,7.6,7.3,8.5,7.7,8.6\tC8,8.7,15.9,8.3,20.2,9.3c2.2,0.5,2.4,0.5,5.7,1.6S31.2,11.9,31.3,11.6z M73,9.2c0.4-0.1,3.5-1.6,8.4-2.6c4.9-1.1,8.9-0.5,8.9-0.8\tc0-0.3-1-0.9-6.2-0.3S72.6,9.3,73,9.2z M71.6,6.7C71.8,6.8,75,5.4,77.3,5c2.3-0.3,1.9-0.5,1.9-0.6c0-0.1-1.1-0.2-2.7,0.2\tC74.8,5.1,71.4,6.6,71.6,6.7z M93.6,4.4c0.1,0.2,3.5,0.8,5.6,1.8c2.1,1,1.8,0.6,1.9,0.5c0.1-0.1-0.8-0.8-2.4-1.3\tC97.1,4.8,93.5,4.2,93.6,4.4z M65.4,11.1c-0.1,0.3,0.3,0.5,1.9-0.2s2.6-1.3,2.2-1.2s-0.9,0.4-2.5,0.8C65.3,10.9,65.5,10.8,65.4,11.1\tz M34.5,12.4c-0.2,0,2.1,0.8,3.3,0.9c1.2,0.1,2,0.1,2-0.2c0-0.3-0.1-0.5-1.6-0.4C36.6,12.8,34.7,12.4,34.5,12.4z M152.2,21.1\tc-0.1,0.1-2.4-0.3-7.5-0.3c-5,0-13.6-2.4-17.2-3.5c-3.6-1.1,10,3.9,16.5,4.1C150.5,21.6,152.3,21,152.2,21.1z\"><\/path><path class=\"uagb-container__shape-fill\" d=\"M269.6,18c-0.1-0.1-4.6,0.3-7.2,0c-7.3-0.7-17-3.2-16.6-2.9c0.4,0.3,13.7,3.1,17,3.3\tC267.7,18.8,269.7,18,269.6,18z\"><\/path><path class=\"uagb-container__shape-fill\" d=\"M227.4,9.8c-0.2-0.1-4.5-1-9.5-1.2c-5-0.2-12.7,0.6-12.3,0.5c0.3-0.1,5.9-1.8,13.3-1.2\tS227.6,9.9,227.4,9.8z\"><\/path><path class=\"uagb-container__shape-fill\" d=\"M204.5,13.4c-0.1-0.1,2-1,3.2-1.1c1.2-0.1,2,0,2,0.3c0,0.3-0.1,0.5-1.6,0.4\tC206.4,12.9,204.6,13.5,204.5,13.4z\"><\/path><path class=\"uagb-container__shape-fill\" d=\"M201,10.6c0-0.1-4.4,1.2-6.3,2.2c-1.9,0.9-6.2,3.1-6.1,3.1c0.1,0.1,4.2-1.6,6.3-2.6\tS201,10.7,201,10.6z\"><\/path><path class=\"uagb-container__shape-fill\" d=\"M154.5,26.7c-0.1-0.1-4.6,0.3-7.2,0c-7.3-0.7-17-3.2-16.6-2.9c0.4,0.3,13.7,3.1,17,3.3\tC152.6,27.5,154.6,26.8,154.5,26.7z\"><\/path><path class=\"uagb-container__shape-fill\" d=\"M41.9,19.3c0,0,1.2-0.3,2.9-0.1c1.7,0.2,5.8,0.9,8.2,0.7c4.2-0.4,7.4-2.7,7-2.6\tc-0.4,0-4.3,2.2-8.6,1.9c-1.8-0.1-5.1-0.5-6.7-0.4S41.9,19.3,41.9,19.3z\"><\/path><path class=\"uagb-container__shape-fill\" d=\"M75.5,12.6c0.2,0.1,2-0.8,4.3-1.1c2.3-0.2,2.1-0.3,2.1-0.5c0-0.1-1.8-0.4-3.4,0\tC76.9,11.5,75.3,12.5,75.5,12.6z\"><\/path><path class=\"uagb-container__shape-fill\" d=\"M15.6,13.2c0-0.1,4.3,0,6.7,0.5c2.4,0.5,5,1.9,5,2c0,0.1-2.7-0.8-5.1-1.4\tC19.9,13.7,15.7,13.3,15.6,13.2z\"><\/path><\/svg><\/div><div class=\"uagb-container-inner-blocks-wrap\">\n<div class=\"wp-block-uagb-slider texto-sombreado uagb-block-095cf997 uagb-slider-container\"><div class=\"uagb-slides uagb-swiper\"><div class=\"swiper-wrapper\">\n<div class=\"wp-block-uagb-slider-child uagb-slider-child-wrap swiper-slide uagb-block-bcfd95c9\"><div class=\"swiper-content\">\n<div class=\"wp-block-uagb-container uagb-block-b8494946 alignfull uagb-is-root-container\"><div class=\"uagb-container-inner-blocks-wrap\">\n<div class=\"wp-block-uagb-info-box uagb-block-7ccb6a14 uagb-infobox__content-wrap  uagb-infobox-icon-above-title uagb-infobox-image-valign-top texto-sombreado\"><div class=\"uagb-ifb-content\"><div class=\"uagb-ifb-title-wrap\"><h3 class=\"uagb-ifb-title\">Corpus Christi<\/h3><\/div><p class=\"uagb-ifb-desc\">junio<\/p><\/div><\/div>\n<\/div><\/div>\n<\/div><\/div>\n\n\n\n<div class=\"wp-block-uagb-slider-child uagb-slider-child-wrap swiper-slide uagb-block-06c7db3b\"><div class=\"swiper-content\">\n<div class=\"wp-block-uagb-container uagb-block-5c4561de alignfull uagb-is-root-container\"><div class=\"uagb-container-inner-blocks-wrap\">\n<div class=\"wp-block-uagb-info-box uagb-block-89358d62 uagb-infobox__content-wrap  uagb-infobox-icon-above-title uagb-infobox-image-valign-top\"><div class=\"uagb-ifb-content\"><div class=\"uagb-ifb-title-wrap\"><h3 class=\"uagb-ifb-title\">Festival de Aves del Sumapaz<\/h3><\/div><p class=\"uagb-ifb-desc\">30-31 de mayo y 1 de junio<\/p><\/div><\/div>\n<\/div><\/div>\n<\/div><\/div>\n\n\n\n<div class=\"wp-block-uagb-slider-child uagb-slider-child-wrap swiper-slide uagb-block-e3f158c9\"><div class=\"swiper-content\">\n<div class=\"wp-block-uagb-container uagb-block-cd91b419 alignfull uagb-is-root-container\"><div class=\"uagb-container-inner-blocks-wrap\">\n<div class=\"wp-block-uagb-info-box uagb-block-a7b06bf8 uagb-infobox__content-wrap  uagb-infobox-icon-above-title uagb-infobox-image-valign-top texto-sombreado\"><div class=\"uagb-ifb-content\"><div class=\"uagb-ifb-title-wrap\"><h3 class=\"uagb-ifb-title\">Festival Decembrino<\/h3><\/div><\/div><\/div>\n<\/div><\/div>\n<\/div><\/div>\n\n\n\n<div class=\"wp-block-uagb-slider-child uagb-slider-child-wrap swiper-slide uagb-block-2d8dcb9a\"><div class=\"swiper-content\">\n<div class=\"wp-block-uagb-container uagb-block-3bf66933 alignfull uagb-is-root-container\"><div class=\"uagb-container-inner-blocks-wrap\">\n<div class=\"wp-block-uagb-info-box uagb-block-147e868e uagb-infobox__content-wrap  uagb-infobox-icon-above-title uagb-infobox-image-valign-top texto-sombreado\"><div class=\"uagb-ifb-content\"><div class=\"uagb-ifb-title-wrap\"><h3 class=\"uagb-ifb-title\">Ferias y Fiestas<\/h3><\/div><p class=\"uagb-ifb-desc\">agosto<\/p><\/div><\/div>\n<\/div><\/div>\n<\/div><\/div>\n\n\n\n<div class=\"wp-block-uagb-slider-child uagb-slider-child-wrap swiper-slide uagb-block-e60853fe\"><div class=\"swiper-content\">\n<div class=\"wp-block-uagb-container uagb-block-339e9a72 alignfull uagb-is-root-container\"><div class=\"uagb-container-inner-blocks-wrap\">\n<div class=\"wp-block-uagb-info-box uagb-block-d394f803 uagb-infobox__content-wrap  uagb-infobox-icon-above-title uagb-infobox-image-valign-top texto-sombreado\"><div class=\"uagb-ifb-content\"><div class=\"uagb-ifb-title-wrap\"><h3 class=\"uagb-ifb-title\">Festival de la Ca\u00f1a y el Caf\u00e9<\/h3><\/div><p class=\"uagb-ifb-desc\">Celebrado en el mes de junio en Tiscince<\/p><\/div><\/div>\n<\/div><\/div>\n<\/div><\/div>\n<\/div><\/div><div class=\"swiper-pagination\"><\/div><div class=\"swiper-button-prev\"><\/div><div class=\"swiper-button-next\"><\/div><\/div>\n<\/div><\/div>\n\n\n\n<div class=\"wp-block-uagb-container uagb-block-191b31c5 alignfull uagb-is-root-container\"><div class=\"uagb-container-inner-blocks-wrap\">\n<div class=\"wp-block-uagb-container uagb-block-071d49d9\">\n<div class=\"wp-block-uagb-info-box uagb-block-8b6cfacd uagb-infobox__content-wrap  uagb-infobox-icon-above-title uagb-infobox-image-valign-top\"><div class=\"uagb-ifb-content\"><div class=\"uagb-ifb-title-wrap\"><h3 class=\"uagb-ifb-title\">Corpus Christi<\/h3><\/div><p class=\"uagb-ifb-desc\">El <strong>Corpus Christi<\/strong> en Arbel\u00e1ez, Cundinamarca, es una de las celebraciones m\u00e1s emblem\u00e1ticas del municipio, donde la fe y la tradici\u00f3n se unen en un colorido homenaje al <strong>Cuerpo y la Sangre de Cristo<\/strong>. Las calles se llenan de tapetes elaborados con aserr\u00edn, flores, frutas y otros materiales naturales que forman impresionantes figuras religiosas, mientras altares adornados con flores y productos del campo reflejan la devoci\u00f3n y solidaridad de la comunidad. La procesi\u00f3n del Sant\u00edsimo Sacramento recorre las calles acompa\u00f1ada por fieles de todas las edades \u2014ni\u00f1os, j\u00f3venes y adultos \u2014 en una muestra viva de espiritualidad, arte y uni\u00f3n cultural.<\/p><\/div><\/div>\n\n\n\n<div class=\"wp-block-uagb-image uagb-block-88f2307a wp-block-uagb-image--layout-default wp-block-uagb-image--effect-static wp-block-uagb-image--align-none\"><figure class=\"wp-block-uagb-image__figure\"><img decoding=\"async\" srcset=\"https:\/\/exploraarbelaez.com\/wp-content\/uploads\/2025\/10\/hh.jpg ,https:\/\/exploraarbelaez.com\/wp-content\/uploads\/2025\/10\/hh.jpg 780w, https:\/\/exploraarbelaez.com\/wp-content\/uploads\/2025\/10\/hh.jpg 360w\" sizes=\"auto, (max-width: 480px) 150px\" src=\"https:\/\/exploraarbelaez.com\/wp-content\/uploads\/2025\/10\/hh.jpg\" alt=\"\" class=\"uag-image-2951\" width=\"400\" height=\"265\" title=\"????????????????????????????????????????????????????????????\" loading=\"lazy\" role=\"img\"\/><\/figure><\/div>\n\n\n\n<div class=\"wp-block-uagb-image uagb-block-58da6773 wp-block-uagb-image--layout-default wp-block-uagb-image--effect-static wp-block-uagb-image--align-none\"><figure class=\"wp-block-uagb-image__figure\"><img decoding=\"async\" srcset=\"https:\/\/exploraarbelaez.com\/wp-content\/uploads\/2025\/10\/4675018234_69301b560f_b.jpg ,https:\/\/exploraarbelaez.com\/wp-content\/uploads\/2025\/10\/4675018234_69301b560f_b.jpg 780w, https:\/\/exploraarbelaez.com\/wp-content\/uploads\/2025\/10\/4675018234_69301b560f_b.jpg 360w\" sizes=\"auto, (max-width: 480px) 150px\" src=\"https:\/\/exploraarbelaez.com\/wp-content\/uploads\/2025\/10\/4675018234_69301b560f_b.jpg\" alt=\"\" class=\"uag-image-2952\" width=\"1024\" height=\"689\" title=\"4675018234_69301b560f_b\" loading=\"lazy\" role=\"img\"\/><\/figure><\/div>\n\n\n\n<div class=\"wp-block-uagb-image uagb-block-7f145705 wp-block-uagb-image--layout-default wp-block-uagb-image--effect-static wp-block-uagb-image--align-none\"><figure class=\"wp-block-uagb-image__figure\"><img decoding=\"async\" srcset=\"https:\/\/exploraarbelaez.com\/wp-content\/uploads\/2025\/10\/maxresdefault-1024x576.jpg ,https:\/\/exploraarbelaez.com\/wp-content\/uploads\/2025\/10\/maxresdefault.jpg 780w, https:\/\/exploraarbelaez.com\/wp-content\/uploads\/2025\/10\/maxresdefault.jpg 360w\" sizes=\"auto, (max-width: 480px) 150px\" src=\"https:\/\/exploraarbelaez.com\/wp-content\/uploads\/2025\/10\/maxresdefault-1024x576.jpg\" alt=\"\" class=\"uag-image-2950\" width=\"1024\" height=\"576\" title=\"maxresdefault\" loading=\"lazy\" role=\"img\"\/><\/figure><\/div>\n<\/div>\n\n\n\n<div class=\"wp-block-uagb-container uagb-block-03e5ce4c\">\n<div class=\"wp-block-uagb-info-box uagb-block-8ae72987 uagb-infobox__content-wrap  uagb-infobox-icon-above-title uagb-infobox-image-valign-top\"><div class=\"uagb-ifb-content\"><div class=\"uagb-ifb-title-wrap\"><h3 class=\"uagb-ifb-title\">Festival de Aves del Sumapaz<\/h3><\/div><p class=\"uagb-ifb-desc\">El <strong>Festival de Aves del Sumapaz<\/strong>, celebrado en Arbel\u00e1ez, Cundinamarca, es un encuentro que une naturaleza, conocimiento y turismo sostenible. Durante tres d\u00edas, expertos, aficionados y visitantes disfrutan de rutas de avistamiento, talleres y conferencias que promueven la conservaci\u00f3n de la riqueza avifaunistica del territorio. En medio de los majestuosos paisajes del Sumapaz, este evento busca fortalecer la conexi\u00f3n entre las comunidades y su entorno natural, resaltando a Arbel\u00e1ez como un destino ideal para el <strong>ecoturismo y la observaci\u00f3n de aves<\/strong>.<\/p><\/div><\/div>\n\n\n\n<div class=\"wp-block-uagb-image uagb-block-2c1588c9 wp-block-uagb-image--layout-default wp-block-uagb-image--effect-static wp-block-uagb-image--align-none\"><figure class=\"wp-block-uagb-image__figure\"><img decoding=\"async\" srcset=\"https:\/\/exploraarbelaez.com\/wp-content\/uploads\/2025\/10\/photo_5156870875175914324_y-1024x768.jpg ,https:\/\/exploraarbelaez.com\/wp-content\/uploads\/2025\/10\/photo_5156870875175914324_y.jpg 780w, https:\/\/exploraarbelaez.com\/wp-content\/uploads\/2025\/10\/photo_5156870875175914324_y.jpg 360w\" sizes=\"auto, (max-width: 480px) 150px\" src=\"https:\/\/exploraarbelaez.com\/wp-content\/uploads\/2025\/10\/photo_5156870875175914324_y-1024x768.jpg\" alt=\"\" class=\"uag-image-2715\" width=\"1024\" height=\"768\" title=\"photo_5156870875175914324_y\" loading=\"lazy\" role=\"img\"\/><\/figure><\/div>\n\n\n\n<div class=\"wp-block-uagb-image uagb-block-63e8d9f6 wp-block-uagb-image--layout-default wp-block-uagb-image--effect-static wp-block-uagb-image--align-none\"><figure class=\"wp-block-uagb-image__figure\"><img decoding=\"async\" srcset=\"https:\/\/exploraarbelaez.com\/wp-content\/uploads\/2025\/10\/photo_5156870875175914328_y-1024x768.jpg ,https:\/\/exploraarbelaez.com\/wp-content\/uploads\/2025\/10\/photo_5156870875175914328_y.jpg 780w, https:\/\/exploraarbelaez.com\/wp-content\/uploads\/2025\/10\/photo_5156870875175914328_y.jpg 360w\" sizes=\"auto, (max-width: 480px) 150px\" src=\"https:\/\/exploraarbelaez.com\/wp-content\/uploads\/2025\/10\/photo_5156870875175914328_y-1024x768.jpg\" alt=\"\" class=\"uag-image-2899\" width=\"1024\" height=\"768\" title=\"photo_5156870875175914328_y\" loading=\"lazy\" role=\"img\"\/><\/figure><\/div>\n\n\n\n<div class=\"wp-block-uagb-image uagb-block-b8e7c075 wp-block-uagb-image--layout-default wp-block-uagb-image--effect-static wp-block-uagb-image--align-none\"><figure class=\"wp-block-uagb-image__figure\"><img decoding=\"async\" srcset=\"https:\/\/exploraarbelaez.com\/wp-content\/uploads\/2025\/10\/DSCN2400-1024x768.jpg ,https:\/\/exploraarbelaez.com\/wp-content\/uploads\/2025\/10\/DSCN2400-scaled.jpg 780w, https:\/\/exploraarbelaez.com\/wp-content\/uploads\/2025\/10\/DSCN2400-scaled.jpg 360w\" sizes=\"auto, (max-width: 480px) 150px\" src=\"https:\/\/exploraarbelaez.com\/wp-content\/uploads\/2025\/10\/DSCN2400-1024x768.jpg\" alt=\"\" class=\"uag-image-2094\" width=\"1024\" height=\"768\" title=\"DSCN2400\" loading=\"lazy\" role=\"img\"\/><\/figure><\/div>\n<\/div>\n\n\n\n<div class=\"wp-block-uagb-container uagb-block-8d9de48f\">\n<div class=\"wp-block-uagb-info-box uagb-block-8dfb86bb uagb-infobox__content-wrap  uagb-infobox-icon-above-title uagb-infobox-image-valign-top\"><div class=\"uagb-ifb-content\"><div class=\"uagb-ifb-title-wrap\"><h3 class=\"uagb-ifb-title\">Cumplea\u00f1os de Arbel\u00e1ez<\/h3><\/div><p class=\"uagb-ifb-desc\">El cumplea\u00f1os principal de Arbel\u00e1ez se celebra en&nbsp;<strong>Enero<\/strong> <strong>16<\/strong>.&nbsp;La celebraci\u00f3n incluye actividades culturales, conciertos, muestras artesanales y gastronom\u00eda, y celebra la historia y tradici\u00f3n del municipio, aunque cada a\u00f1o var\u00edan las fechas espec\u00edficas.&nbsp;<\/p><\/div><\/div>\n<\/div>\n<\/div><\/div>\n\n\n\n<div class=\"wp-block-uagb-container uagb-block-7a470551 alignfull uagb-is-root-container\"><div class=\"uagb-container-inner-blocks-wrap\">\n<div class=\"wp-block-uagb-container uagb-block-d278f90b\">\n<div class=\"wp-block-uagb-info-box uagb-block-feff41d6 uagb-infobox__content-wrap  uagb-infobox-icon-above-title uagb-infobox-image-valign-top\"><div class=\"uagb-ifb-content\"><div class=\"uagb-ifb-title-wrap\"><h3 class=\"uagb-ifb-title\">Ferias y Fiestas<\/h3><\/div><p class=\"uagb-ifb-desc\">Las &#8220;Ferias y Fiestas de Arbel\u00e1ez&#8221;&nbsp;se celebran anualmente en agosto, siendo la m\u00e1s reciente la 55\u00aa Feria Exposici\u00f3n Agropecuaria, &#8220;Historia y Tradici\u00f3n&#8221; 2025, que tuvo lugar del 9 al 18 de agosto.&nbsp;El evento incluye una variedad de actividades como exposiciones ganaderas, cabalgatas, conciertos y concursos.  Este evento es muy simb\u00f3lico para el reencuentro entre personas del municipio y la provincia del Sumapaz con visita de muchas personas de la regi\u00f3n y el pa\u00eds.<br><\/p><\/div><\/div>\n<\/div>\n\n\n\n<div class=\"wp-block-uagb-container uagb-block-bd383b2f\">\n<div class=\"wp-block-uagb-info-box uagb-block-5ba13064 uagb-infobox__content-wrap  uagb-infobox-icon-above-title uagb-infobox-image-valign-top\"><div class=\"uagb-ifb-content\"><div class=\"uagb-ifb-title-wrap\"><h3 class=\"uagb-ifb-title\">Festival y Reinado de la Ca\u00f1a y el Caf\u00e9<\/h3><\/div><p class=\"uagb-ifb-desc\">Esta celebraci\u00f3n es llevada a cabo en Tiscince y busca resaltar la cultura campesina y caficultora de el sector.<\/p><\/div><\/div>\n\n\n\n<div class=\"wp-block-uagb-image uagb-block-010bf34c wp-block-uagb-image--layout-default wp-block-uagb-image--effect-static wp-block-uagb-image--align-none\"><figure class=\"wp-block-uagb-image__figure\"><img decoding=\"async\" srcset=\"https:\/\/exploraarbelaez.com\/wp-content\/uploads\/2025\/10\/20240607_144821-1024x768.jpg ,https:\/\/exploraarbelaez.com\/wp-content\/uploads\/2025\/10\/20240607_144821-scaled.jpg 780w, https:\/\/exploraarbelaez.com\/wp-content\/uploads\/2025\/10\/20240607_144821-scaled.jpg 360w\" sizes=\"auto, (max-width: 480px) 150px\" src=\"https:\/\/exploraarbelaez.com\/wp-content\/uploads\/2025\/10\/20240607_144821-1024x768.jpg\" alt=\"\" class=\"uag-image-2750\" width=\"1024\" height=\"768\" title=\"20240607_144821\" loading=\"lazy\" role=\"img\"\/><\/figure><\/div>\n\n\n\n<div class=\"wp-block-uagb-image uagb-block-3ba6fbb6 wp-block-uagb-image--layout-default wp-block-uagb-image--effect-static wp-block-uagb-image--align-none\"><figure class=\"wp-block-uagb-image__figure\"><img decoding=\"async\" srcset=\"https:\/\/exploraarbelaez.com\/wp-content\/uploads\/2025\/10\/IMG-20170620-WA0054-1024x576.jpg ,https:\/\/exploraarbelaez.com\/wp-content\/uploads\/2025\/10\/IMG-20170620-WA0054.jpg 780w, https:\/\/exploraarbelaez.com\/wp-content\/uploads\/2025\/10\/IMG-20170620-WA0054.jpg 360w\" sizes=\"auto, (max-width: 480px) 150px\" src=\"https:\/\/exploraarbelaez.com\/wp-content\/uploads\/2025\/10\/IMG-20170620-WA0054-1024x576.jpg\" alt=\"\" class=\"uag-image-2752\" width=\"1024\" height=\"576\" title=\"IMG-20170620-WA0054\" loading=\"lazy\" role=\"img\"\/><\/figure><\/div>\n\n\n\n<div class=\"wp-block-uagb-image uagb-block-a2eb1458 wp-block-uagb-image--layout-default wp-block-uagb-image--effect-static wp-block-uagb-image--align-none\"><figure class=\"wp-block-uagb-image__figure\"><img decoding=\"async\" srcset=\"https:\/\/exploraarbelaez.com\/wp-content\/uploads\/2025\/10\/IMG-20230616-WA0019-1024x576.jpg ,https:\/\/exploraarbelaez.com\/wp-content\/uploads\/2025\/10\/IMG-20230616-WA0019.jpg 780w, https:\/\/exploraarbelaez.com\/wp-content\/uploads\/2025\/10\/IMG-20230616-WA0019.jpg 360w\" sizes=\"auto, (max-width: 480px) 150px\" src=\"https:\/\/exploraarbelaez.com\/wp-content\/uploads\/2025\/10\/IMG-20230616-WA0019-1024x576.jpg\" alt=\"\" class=\"uag-image-2753\" width=\"1024\" height=\"576\" title=\"IMG-20230616-WA0019\" loading=\"lazy\" role=\"img\"\/><\/figure><\/div>\n<\/div>\n\n\n\n<div class=\"wp-block-uagb-container uagb-block-29849660\">\n<div class=\"wp-block-uagb-info-box uagb-block-aeec4044 uagb-infobox__content-wrap  uagb-infobox-icon-above-title uagb-infobox-image-valign-top\"><div class=\"uagb-ifb-content\"><div class=\"uagb-ifb-title-wrap\"><h3 class=\"uagb-ifb-title\">Festival Decembrino<\/h3><\/div><p class=\"uagb-ifb-desc\">El <strong>Festival Decembrino de Arbel\u00e1ez<\/strong> es una tradici\u00f3n con m\u00e1s de <strong>100 a\u00f1os de historia<\/strong>, celebrada en el mes<strong> de diciembre<\/strong>, que representa el mayor orgullo y s\u00edmbolo de identidad del municipio. Durante dos semanas, las calles se llenan de color, alegr\u00eda y creatividad con la presencia de &#8220;<strong>los diablos<\/strong>&#8220;, las tradicionales <strong>apuestas<\/strong>, el <strong>concurso de disfraces<\/strong> y una variada programaci\u00f3n de actividades culturales que incluyen <strong>danza y m\u00fasica<\/strong>. Este festival no solo fortalece el sentido de pertenencia y uni\u00f3n entre los Arbelaences, sino que tambi\u00e9n es uno de los <strong>principales atractivos cultural<\/strong>es de Arbel\u00e1ez, atrayendo visitantes que disfrutan de su ambiente festivo y de las expresiones art\u00edsticas que reflejan la esencia de su gente.<\/p><\/div><\/div>\n\n\n\n<div class=\"wp-block-uagb-image uagb-block-d08d56a0 wp-block-uagb-image--layout-default wp-block-uagb-image--effect-static wp-block-uagb-image--align-none\"><figure class=\"wp-block-uagb-image__figure\"><img decoding=\"async\" srcset=\"https:\/\/exploraarbelaez.com\/wp-content\/uploads\/2025\/10\/WhatsApp-Image-2025-10-17-at-22.29.56-1024x471.jpeg ,https:\/\/exploraarbelaez.com\/wp-content\/uploads\/2025\/10\/WhatsApp-Image-2025-10-17-at-22.29.56.jpeg 780w, https:\/\/exploraarbelaez.com\/wp-content\/uploads\/2025\/10\/WhatsApp-Image-2025-10-17-at-22.29.56.jpeg 360w\" sizes=\"auto, (max-width: 480px) 150px\" src=\"https:\/\/exploraarbelaez.com\/wp-content\/uploads\/2025\/10\/WhatsApp-Image-2025-10-17-at-22.29.56-1024x471.jpeg\" alt=\"\" class=\"uag-image-2846\" width=\"1024\" height=\"471\" title=\"WhatsApp Image 2025-10-17 at 22.29.56\" loading=\"lazy\" role=\"img\"\/><\/figure><\/div>\n\n\n\n<div class=\"wp-block-uagb-image uagb-block-825799d5 wp-block-uagb-image--layout-default wp-block-uagb-image--effect-static wp-block-uagb-image--align-none\"><figure class=\"wp-block-uagb-image__figure\"><img decoding=\"async\" srcset=\"https:\/\/exploraarbelaez.com\/wp-content\/uploads\/2025\/10\/WhatsApp-Image-2025-10-17-at-18.34.21-1024x842.jpeg ,https:\/\/exploraarbelaez.com\/wp-content\/uploads\/2025\/10\/WhatsApp-Image-2025-10-17-at-18.34.21.jpeg 780w, https:\/\/exploraarbelaez.com\/wp-content\/uploads\/2025\/10\/WhatsApp-Image-2025-10-17-at-18.34.21.jpeg 360w\" sizes=\"auto, (max-width: 480px) 150px\" src=\"https:\/\/exploraarbelaez.com\/wp-content\/uploads\/2025\/10\/WhatsApp-Image-2025-10-17-at-18.34.21-1024x842.jpeg\" alt=\"\" class=\"uag-image-2794\" width=\"1024\" height=\"842\" title=\"WhatsApp Image 2025-10-17 at 18.34.21\" loading=\"lazy\" role=\"img\"\/><\/figure><\/div>\n<\/div>\n<\/div><\/div>","protected":false},"excerpt":{"rendered":"<p>Festividades y Eventos Importantes en Arbel\u00e1ez Festividades y Eventos en Arbel\u00e1ez<\/p>","protected":false},"author":1,"featured_media":0,"parent":0,"menu_order":0,"comment_status":"closed","ping_status":"closed","template":"","meta":{"_uag_custom_page_level_css":"","site-sidebar-layout":"default","site-content-layout":"","ast-site-content-layout":"default","site-content-style":"default","site-sidebar-style":"default","ast-global-header-display":"","ast-banner-title-visibility":"","ast-main-header-display":"","ast-hfb-above-header-display":"","ast-hfb-below-header-display":"","ast-hfb-mobile-header-display":"","site-post-title":"disabled","ast-breadcrumbs-content":"","ast-featured-img":"","footer-sml-layout":"","theme-transparent-header-meta":"","adv-header-id-meta":"","stick-header-meta":"","header-above-stick-meta":"","header-main-stick-meta":"","header-below-stick-meta":"","astra-migrate-meta-layouts":"set","ast-page-background-enabled":"default","ast-page-background-meta":{"desktop":{"background-color":"","background-image":"","background-repeat":"repeat","background-position":"center center","background-size":"auto","background-attachment":"scroll","background-type":"","background-media":"","overlay-type":"","overlay-color":"","overlay-opacity":"","overlay-gradient":""},"tablet":{"background-color":"","background-image":"","background-repeat":"repeat","background-position":"center center","background-size":"auto","background-attachment":"scroll","background-type":"","background-media":"","overlay-type":"","overlay-color":"","overlay-opacity":"","overlay-gradient":""},"mobile":{"background-color":"","background-image":"","background-repeat":"repeat","background-position":"center center","background-size":"auto","background-attachment":"scroll","background-type":"","background-media":"","overlay-type":"","overlay-color":"","overlay-opacity":"","overlay-gradient":""}},"ast-content-background-meta":{"desktop":{"background-color":"var(--ast-global-color-5)","background-image":"","background-repeat":"repeat","background-position":"center center","background-size":"auto","background-attachment":"scroll","background-type":"","background-media":"","overlay-type":"","overlay-color":"","overlay-opacity":"","overlay-gradient":""},"tablet":{"background-color":"var(--ast-global-color-5)","background-image":"","background-repeat":"repeat","background-position":"center center","background-size":"auto","background-attachment":"scroll","background-type":"","background-media":"","overlay-type":"","overlay-color":"","overlay-opacity":"","overlay-gradient":""},"mobile":{"background-color":"var(--ast-global-color-5)","background-image":"","background-repeat":"repeat","background-position":"center center","background-size":"auto","background-attachment":"scroll","background-type":"","background-media":"","overlay-type":"","overlay-color":"","overlay-opacity":"","overlay-gradient":""}},"footnotes":""},"class_list":["post-2449","page","type-page","status-publish","hentry"],"aioseo_notices":[],"uagb_featured_image_src":{"full":false,"thumbnail":false,"medium":false,"medium_large":false,"large":false,"1536x1536":false,"2048x2048":false,"trp-custom-language-flag":false},"uagb_author_info":{"display_name":"valentinaquinterodesalvador@gmail.com","author_link":"https:\/\/exploraarbelaez.com\/en\/author\/valentinaquinterodesalvadorgmail-com\/"},"uagb_comment_info":0,"uagb_excerpt":"Festividades y Eventos Importantes en Arbel\u00e1ez Festividades y Eventos en Arbel\u00e1ez","_links":{"self":[{"href":"https:\/\/exploraarbelaez.com\/en\/wp-json\/wp\/v2\/pages\/2449","targetHints":{"allow":["GET"]}}],"collection":[{"href":"https:\/\/exploraarbelaez.com\/en\/wp-json\/wp\/v2\/pages"}],"about":[{"href":"https:\/\/exploraarbelaez.com\/en\/wp-json\/wp\/v2\/types\/page"}],"author":[{"embeddable":true,"href":"https:\/\/exploraarbelaez.com\/en\/wp-json\/wp\/v2\/users\/1"}],"replies":[{"embeddable":true,"href":"https:\/\/exploraarbelaez.com\/en\/wp-json\/wp\/v2\/comments?post=2449"}],"version-history":[{"count":56,"href":"https:\/\/exploraarbelaez.com\/en\/wp-json\/wp\/v2\/pages\/2449\/revisions"}],"predecessor-version":[{"id":2989,"href":"https:\/\/exploraarbelaez.com\/en\/wp-json\/wp\/v2\/pages\/2449\/revisions\/2989"}],"wp:attachment":[{"href":"https:\/\/exploraarbelaez.com\/en\/wp-json\/wp\/v2\/media?parent=2449"}],"curies":[{"name":"wp","href":"https:\/\/api.w.org\/{rel}","templated":true}]}}